{"id":9413,"date":"2024-02-26T08:45:58","date_gmt":"2024-02-26T07:45:58","guid":{"rendered":"https:\/\/grupaspotkanie.pl\/?page_id=9413"},"modified":"2025-10-16T10:27:26","modified_gmt":"2025-10-16T08:27:26","slug":"thank-you-3","status":"publish","type":"page","link":"https:\/\/grupaspotkanie.pl\/en\/jak-polaczyc-ludzi-z-kpi\/dziekujemy\/","title":{"rendered":"Open webinar 5.11.25 thank you"},"content":{"rendered":"\t\t<div data-elementor-type=\"wp-page\" data-elementor-id=\"9413\" class=\"elementor elementor-9413\" data-elementor-post-type=\"page\">\n\t\t\t\t\t\t<section class=\"has_ae_slider elementor-section elementor-top-section elementor-element elementor-element-f253a71 elementor-section-boxed elementor-section-height-default elementor-section-height-default ae-bg-gallery-type-default\" data-id=\"f253a71\" data-element_type=\"section\" data-e-type=\"section\" data-settings=\"{&quot;jet_parallax_layout_list&quot;:[]}\">\n\t\t\t\t\t\t<div class=\"elementor-container elementor-column-gap-default\">\n\t\t\t\t\t<div class=\"has_ae_slider elementor-column elementor-col-50 elementor-top-column elementor-element elementor-element-4e97bb7 ae-bg-gallery-type-default\" data-id=\"4e97bb7\" data-element_type=\"column\" data-e-type=\"column\">\n\t\t\t<div class=\"elementor-widget-wrap elementor-element-populated\">\n\t\t\t\t\t\t<div class=\"elementor-element elementor-element-9eb9b41 elementor-widget elementor-widget-heading\" data-id=\"9eb9b41\" data-element_type=\"widget\" data-e-type=\"widget\" data-widget_type=\"heading.default\">\n\t\t\t\t<div class=\"elementor-widget-container\">\n\t\t\t\t\t<h1 class=\"elementor-heading-title elementor-size-default\">Dzi\u0119kuj\u0119 Ci\ni&nbsp;gratuluj\u0119!\n<\/h1>\t\t\t\t<\/div>\n\t\t\t\t<\/div>\n\t\t\t\t<div class=\"elementor-element elementor-element-ca255d1 elementor-widget elementor-widget-heading\" data-id=\"ca255d1\" data-element_type=\"widget\" data-e-type=\"widget\" data-widget_type=\"heading.default\">\n\t\t\t\t<div class=\"elementor-widget-container\">\n\t\t\t\t\t<h2 class=\"elementor-heading-title elementor-size-default\">Wszystko przebieg\u0142o\npomy\u015blnie. Koniecznie sprawd\u017a skrzynk\u0119 mailow\u0105.<\/h2>\t\t\t\t<\/div>\n\t\t\t\t<\/div>\n\t\t\t\t<div class=\"elementor-element elementor-element-351d2ba elementor-widget elementor-widget-button\" data-id=\"351d2ba\" data-element_type=\"widget\" data-e-type=\"widget\" data-widget_type=\"button.default\">\n\t\t\t\t<div class=\"elementor-widget-container\">\n\t\t\t\t\t\t\t\t\t<div class=\"elementor-button-wrapper\">\n\t\t\t\t\t<a class=\"elementor-button elementor-button-link elementor-size-sm\" href=\"#oto\">\n\t\t\t\t\t\t<span class=\"elementor-button-content-wrapper\">\n\t\t\t\t\t\t\t\t\t<span class=\"elementor-button-text\">Sprawd\u017a jednorazow\u0105 okazj\u0119!<\/span>\n\t\t\t\t\t<\/span>\n\t\t\t\t\t<\/a>\n\t\t\t\t<\/div>\n\t\t\t\t\t\t\t\t<\/div>\n\t\t\t\t<\/div>\n\t\t\t\t<div class=\"elementor-element elementor-element-ba92bbd elementor-share-buttons--skin-flat elementor-share-buttons--shape-circle elementor-share-buttons--color-custom elementor-share-buttons--view-icon-text elementor-grid-0 elementor-widget elementor-widget-share-buttons\" data-id=\"ba92bbd\" data-element_type=\"widget\" data-e-type=\"widget\" data-settings=\"{&quot;share_url&quot;:{&quot;url&quot;:&quot;https:\\\/\\\/grupaspotkanie.pl\\\/webinar-otwarty\\\/&quot;,&quot;is_external&quot;:&quot;&quot;,&quot;nofollow&quot;:&quot;&quot;,&quot;custom_attributes&quot;:&quot;&quot;}}\" data-widget_type=\"share-buttons.default\">\n\t\t\t\t<div class=\"elementor-widget-container\">\n\t\t\t\t\t\t\t<div class=\"elementor-grid\">\n\t\t\t\t\t\t\t\t<div class=\"elementor-grid-item\">\n\t\t\t\t\t\t<div class=\"elementor-share-btn elementor-share-btn_facebook\" role=\"button\" tabindex=\"0\" aria-label=\"Share on facebook\">\n\t\t\t\t\t\t\t\t\t\t\t\t\t\t\t<span class=\"elementor-share-btn__icon\">\n\t\t\t\t\t\t\t\t<i class=\"fab fa-facebook\" aria-hidden=\"true\"><\/i>\t\t\t\t\t\t\t<\/span>\n\t\t\t\t\t\t\t\t\t\t\t\t\t\t\t\t\t\t\t\t\t\t<div class=\"elementor-share-btn__text\">\n\t\t\t\t\t\t\t\t\t\t\t\t\t\t\t\t\t\t\t<span class=\"elementor-share-btn__title\">\n\t\t\t\t\t\t\t\t\t\tPodziel si\u0119 na facebooku\t\t\t\t\t\t\t\t\t<\/span>\n\t\t\t\t\t\t\t\t\t\t\t\t\t\t\t\t\t<\/div>\n\t\t\t\t\t\t\t\t\t\t\t\t\t<\/div>\n\t\t\t\t\t<\/div>\n\t\t\t\t\t\t<\/div>\n\t\t\t\t\t\t<\/div>\n\t\t\t\t<\/div>\n\t\t\t\t\t<\/div>\n\t\t<\/div>\n\t\t\t\t<div class=\"has_ae_slider elementor-column elementor-col-50 elementor-top-column elementor-element elementor-element-919fe1c ae-bg-gallery-type-default\" data-id=\"919fe1c\" data-element_type=\"column\" data-e-type=\"column\">\n\t\t\t<div class=\"elementor-widget-wrap elementor-element-populated\">\n\t\t\t\t\t\t<div class=\"elementor-element elementor-element-96081b7 elementor-widget elementor-widget-video\" data-id=\"96081b7\" data-element_type=\"widget\" data-e-type=\"widget\" data-settings=\"{&quot;video_type&quot;:&quot;hosted&quot;,&quot;autoplay&quot;:&quot;yes&quot;,&quot;play_on_mobile&quot;:&quot;yes&quot;,&quot;controls&quot;:&quot;yes&quot;}\" data-widget_type=\"video.default\">\n\t\t\t\t<div class=\"elementor-widget-container\">\n\t\t\t\t\t\t\t<div class=\"e-hosted-video elementor-wrapper elementor-open-inline\">\n\t\t\t\t\t<video class=\"elementor-video\" src=\"https:\/\/grupaspotkanie.pl\/wp-content\/uploads\/2025\/10\/OTO_korytarz_napisy.mp4\" autoplay=\"\" controls=\"\" playsinline=\"\" controlsList=\"nodownload\"><\/video>\n\t\t\t\t<\/div>\n\t\t\t\t\t\t<\/div>\n\t\t\t\t<\/div>\n\t\t\t\t\t<\/div>\n\t\t<\/div>\n\t\t\t\t\t<\/div>\n\t\t<\/section>\n\t\t\t\t<section class=\"has_ae_slider elementor-section elementor-top-section elementor-element elementor-element-04771bb elementor-section-content-middle elementor-reverse-mobile elementor-section-boxed elementor-section-height-default elementor-section-height-default ae-bg-gallery-type-default\" data-id=\"04771bb\" data-element_type=\"section\" data-e-type=\"section\" data-settings=\"{&quot;jet_parallax_layout_list&quot;:[]}\">\n\t\t\t\t\t\t<div class=\"elementor-container elementor-column-gap-default\">\n\t\t\t\t\t<div class=\"has_ae_slider elementor-column elementor-col-50 elementor-top-column elementor-element elementor-element-ada6875 ae-bg-gallery-type-default\" data-id=\"ada6875\" data-element_type=\"column\" data-e-type=\"column\" data-settings=\"{&quot;background_background&quot;:&quot;classic&quot;}\">\n\t\t\t<div class=\"elementor-widget-wrap elementor-element-populated\">\n\t\t\t\t\t\t<div class=\"elementor-element elementor-element-a8cddf1 elementor-widget elementor-widget-image\" data-id=\"a8cddf1\" data-element_type=\"widget\" data-e-type=\"widget\" data-widget_type=\"image.default\">\n\t\t\t\t<div class=\"elementor-widget-container\">\n\t\t\t\t\t\t\t\t\t\t\t\t\t\t\t<img fetchpriority=\"high\" decoding=\"async\" width=\"683\" height=\"1024\" src=\"https:\/\/grupaspotkanie.pl\/wp-content\/uploads\/2025\/10\/Group-15-683x1024.png\" class=\"attachment-large size-large wp-image-15439\" alt=\"\" srcset=\"https:\/\/grupaspotkanie.pl\/wp-content\/uploads\/2025\/10\/Group-15-683x1024.png 683w, https:\/\/grupaspotkanie.pl\/wp-content\/uploads\/2025\/10\/Group-15-200x300.png 200w, https:\/\/grupaspotkanie.pl\/wp-content\/uploads\/2025\/10\/Group-15-768x1152.png 768w, https:\/\/grupaspotkanie.pl\/wp-content\/uploads\/2025\/10\/Group-15-8x12.png 8w, https:\/\/grupaspotkanie.pl\/wp-content\/uploads\/2025\/10\/Group-15-600x900.png 600w, https:\/\/grupaspotkanie.pl\/wp-content\/uploads\/2025\/10\/Group-15.png 1024w\" sizes=\"(max-width: 683px) 100vw, 683px\" \/>\t\t\t\t\t\t\t\t\t\t\t\t\t\t\t<\/div>\n\t\t\t\t<\/div>\n\t\t\t\t\t<\/div>\n\t\t<\/div>\n\t\t\t\t<div class=\"has_ae_slider elementor-column elementor-col-50 elementor-top-column elementor-element elementor-element-48997c8 ae-bg-gallery-type-default\" data-id=\"48997c8\" data-element_type=\"column\" data-e-type=\"column\" id=\"oto\">\n\t\t\t<div class=\"elementor-widget-wrap elementor-element-populated\">\n\t\t\t\t\t\t<div class=\"elementor-element elementor-element-06d24ad elementor-widget elementor-widget-heading\" data-id=\"06d24ad\" data-element_type=\"widget\" data-e-type=\"widget\" data-widget_type=\"heading.default\">\n\t\t\t\t<div class=\"elementor-widget-container\">\n\t\t\t\t\t<h2 class=\"elementor-heading-title elementor-size-default\">LIMITOWANA OFERTA: Przemy\u015blane KPI dla Twojej Firmy<\/h2>\t\t\t\t<\/div>\n\t\t\t\t<\/div>\n\t\t\t\t<div class=\"elementor-element elementor-element-dc35dbe elementor-widget elementor-widget-heading\" data-id=\"dc35dbe\" data-element_type=\"widget\" data-e-type=\"widget\" data-widget_type=\"heading.default\">\n\t\t\t\t<div class=\"elementor-widget-container\">\n\t\t\t\t\t<h3 class=\"elementor-heading-title elementor-size-default\">Zyskaj 80% lepsz\u0105 wydajno\u015b\u0107 zespo\u0142u w 30 dni dzi\u0119ki KPI, kt\u00f3re naprawd\u0119 motywuj\u0105 ludzi<\/h3>\t\t\t\t<\/div>\n\t\t\t\t<\/div>\n\t\t\t\t<div class=\"elementor-element elementor-element-22c0c19 elementor-widget elementor-widget-text-editor\" data-id=\"22c0c19\" data-element_type=\"widget\" data-e-type=\"widget\" data-widget_type=\"text-editor.default\">\n\t\t\t\t<div class=\"elementor-widget-container\">\n\t\t\t\t\t\t\t\t\t<p><span style=\"font-weight: 400;\">Czy wiesz, \u017ce <\/span><b>73% firm<\/b><span style=\"font-weight: 400;\"> stosuje KPI, kt\u00f3re faktycznie <\/span><b>demotywuj\u0105<\/b><span style=\"font-weight: 400;\"> pracownik\u00f3w i prowadz\u0105 do &#8220;grania pod system&#8221; zamiast realnych rezultat\u00f3w? Tw\u00f3j zesp\u00f3\u0142 zas\u0142uguje na wska\u017aniki, kt\u00f3re nie tylko mierz\u0105 efektywno\u015b\u0107, ale rzeczywi\u015bcie j\u0105 zwi\u0119kszaj\u0105.<\/span><\/p><p><b>&#8220;Przemy\u015blane KPI&#8221;<\/b><span style=\"font-weight: 400;\"> to nie kolejny teoretyczny poradnik, ale <\/span><b>praktyczny system<\/b><span style=\"font-weight: 400;\"> stworzony z my\u015bl\u0105 o mened\u017cerach, w\u0142a\u015bcicielach firm i HR-owcach, kt\u00f3rzy chc\u0105 wdro\u017cy\u0107 KPI generuj\u0105ce rzeczywiste rezultaty biznesowe. Dzi\u0119ki tej prezentacji oszcz\u0119dzisz <\/span><b>minimum 40 godzin<\/b><span style=\"font-weight: 400;\"> na badaniach i testowaniu r\u00f3\u017cnych podej\u015b\u0107 do mierzenia efektywno\u015bci.<\/span><\/p>\t\t\t\t\t\t\t\t<\/div>\n\t\t\t\t<\/div>\n\t\t\t\t<div class=\"elementor-element elementor-element-43930b8 elementor-widget elementor-widget-n-accordion\" data-id=\"43930b8\" data-element_type=\"widget\" data-e-type=\"widget\" data-settings=\"{&quot;default_state&quot;:&quot;all_collapsed&quot;,&quot;max_items_expended&quot;:&quot;one&quot;,&quot;n_accordion_animation_duration&quot;:{&quot;unit&quot;:&quot;ms&quot;,&quot;size&quot;:400,&quot;sizes&quot;:[]}}\" data-widget_type=\"nested-accordion.default\">\n\t\t\t\t<div class=\"elementor-widget-container\">\n\t\t\t\t\t\t\t<div class=\"e-n-accordion\" aria-label=\"Accordion. Open links with Enter or Space, close with Escape, and navigate with Arrow Keys\">\n\t\t\t\t\t\t<details id=\"e-n-accordion-item-7080\" class=\"e-n-accordion-item\" >\n\t\t\t\t<summary class=\"e-n-accordion-item-title\" data-accordion-index=\"1\" tabindex=\"0\" aria-expanded=\"false\" aria-controls=\"e-n-accordion-item-7080\" >\n\t\t\t\t\t<span class='e-n-accordion-item-title-header'><div class=\"e-n-accordion-item-title-text\"> Co dok\u0142adnie otrzymasz w szablonie prezentacji? <\/div><\/span>\n\t\t\t\t\t\t\t<span class='e-n-accordion-item-title-icon'>\n\t\t\t<span class='e-opened' ><i aria-hidden=\"true\" class=\"fas fa-minus\"><\/i><\/span>\n\t\t\t<span class='e-closed'><i aria-hidden=\"true\" class=\"fas fa-plus\"><\/i><\/span>\n\t\t<\/span>\n\n\t\t\t\t\t\t<\/summary>\n\t\t\t\t<div class=\"has_ae_slider elementor-element elementor-element-55a0eb2 e-con-full e-flex ae-bg-gallery-type-default e-con e-child\" role=\"region\" aria-labelledby=\"e-n-accordion-item-7080\" data-id=\"55a0eb2\" data-element_type=\"container\" data-e-type=\"container\" data-settings=\"{&quot;jet_parallax_layout_list&quot;:[]}\">\n\t\t<div class=\"has_ae_slider elementor-element elementor-element-0d66932 e-flex e-con-boxed ae-bg-gallery-type-default e-con e-child\" role=\"region\" aria-labelledby=\"e-n-accordion-item-7080\" data-id=\"0d66932\" data-element_type=\"container\" data-e-type=\"container\" data-settings=\"{&quot;jet_parallax_layout_list&quot;:[]}\">\n\t\t\t\t\t<div class=\"e-con-inner\">\n\t\t\t\t<div class=\"elementor-element elementor-element-2ac86db elementor-widget elementor-widget-text-editor\" data-id=\"2ac86db\" data-element_type=\"widget\" data-e-type=\"widget\" data-widget_type=\"text-editor.default\">\n\t\t\t\t<div class=\"elementor-widget-container\">\n\t\t\t\t\t\t\t\t\t<p><b>Modu\u0142 1: Fundamenty przemy\u015blanych KPI<\/b><\/p><ul><li style=\"font-weight: 400;\" aria-level=\"1\"><span style=\"font-weight: 400;\">Historia i ewolucja wska\u017anik\u00f3w KPI w zarz\u0105dzaniu<\/span><span style=\"font-weight: 400;\"><br \/><\/span><\/li><li style=\"font-weight: 400;\" aria-level=\"1\"><span style=\"font-weight: 400;\">7 najcz\u0119stszych b\u0142\u0119d\u00f3w przy wprowadzaniu KPI (i jak ich unikn\u0105\u0107)<\/span><span style=\"font-weight: 400;\"><br \/><\/span><\/li><li style=\"font-weight: 400;\" aria-level=\"1\"><span style=\"font-weight: 400;\">8 pyta\u0144 autodiagnozy do oceny obecnych wska\u017anik\u00f3w w Twojej firmie<\/span><span style=\"font-weight: 400;\"><br \/><\/span><\/li><li style=\"font-weight: 400;\" aria-level=\"1\"><span style=\"font-weight: 400;\">Zasady tworzenia KPI, kt\u00f3re motywuj\u0105 zamiast kontrolowa\u0107<\/span><span style=\"font-weight: 400;\"><br \/><\/span><\/li><\/ul><p><b>Modu\u0142 2: Gotowe przyk\u0142ady dla r\u00f3\u017cnych r\u00f3l<\/b><\/p><ul><li style=\"font-weight: 400;\" aria-level=\"1\"><b>Handlowiec<\/b><span style=\"font-weight: 400;\">: 5 z\u0142ych vs 5 dobrych KPI z szczeg\u00f3\u0142owym wyja\u015bnieniem<\/span><span style=\"font-weight: 400;\"><br \/><\/span><\/li><li style=\"font-weight: 400;\" aria-level=\"1\"><b>HR<\/b><span style=\"font-weight: 400;\">: 5 z\u0142ych vs 5 dobrych KPI dla dzia\u0142u zasob\u00f3w ludzkich<\/span><span style=\"font-weight: 400;\"><br \/><\/span><\/li><li style=\"font-weight: 400;\" aria-level=\"1\"><b>Sekretarka\/Asystentka<\/b><span style=\"font-weight: 400;\">: 5 z\u0142ych vs 5 dobrych KPI dla r\u00f3l wspieraj\u0105cych<\/span><span style=\"font-weight: 400;\"><br \/><\/span><\/li><li style=\"font-weight: 400;\" aria-level=\"1\"><b>Executive Assistant<\/b><span style=\"font-weight: 400;\">: 5 z\u0142ych vs 5 dobrych KPI dla asystent\u00f3w zarz\u0105du<\/span><span style=\"font-weight: 400;\"><br \/><\/span><\/li><\/ul><p><b>Modu\u0142 3: Narz\u0119dzia do wdro\u017cenia<\/b><\/p><ul><li style=\"font-weight: 400;\" aria-level=\"1\"><span style=\"font-weight: 400;\">Tabele por\u00f3wnawcze &#8220;Z\u0142y KPI \u2192 Dobry KPI&#8221; dla ka\u017cdej roli<\/span><span style=\"font-weight: 400;\"><br \/><\/span><\/li><li style=\"font-weight: 400;\" aria-level=\"1\"><span style=\"font-weight: 400;\">Szczeg\u00f3\u0142owe uzasadnienia, dlaczego okre\u015blone wska\u017aniki dzia\u0142aj\u0105 lub nie<\/span><span style=\"font-weight: 400;\"><br \/><\/span><\/li><li style=\"font-weight: 400;\" aria-level=\"1\"><span style=\"font-weight: 400;\">Wskaz\u00f3wki implementacyjne dostosowane do specyfiki ka\u017cdego stanowiska<\/span><span style=\"font-weight: 400;\"><br \/><\/span><\/li><li style=\"font-weight: 400;\" aria-level=\"1\"><span style=\"font-weight: 400;\">Checklisty kontrolne dla mened\u017cer\u00f3w<\/span><span style=\"font-weight: 400;\"><br \/><\/span><\/li><\/ul><p><b>Modu\u0142 4: Praktyczne wskaz\u00f3wki eksperckie<\/b><\/p><ul><li style=\"font-weight: 400;\" aria-level=\"1\"><span style=\"font-weight: 400;\">Jak \u0142\u0105czy\u0107 wska\u017aniki ilo\u015bciowe z jako\u015bciowymi<\/span><span style=\"font-weight: 400;\"><br \/><\/span><\/li><li style=\"font-weight: 400;\" aria-level=\"1\"><span style=\"font-weight: 400;\">Strategie dostosowywania KPI do etapu rozwoju pracownika<\/span><span style=\"font-weight: 400;\"><br \/><\/span><\/li><li style=\"font-weight: 400;\" aria-level=\"1\"><span style=\"font-weight: 400;\">Metodyka regularnego przegl\u0105du i optymalizacji wska\u017anik\u00f3w<\/span><\/li><li style=\"font-weight: 400;\" aria-level=\"1\">Komunikacja KPI w zespole &#8211; budowanie zaanga\u017cowania<\/li><\/ul>\t\t\t\t\t\t\t\t<\/div>\n\t\t\t\t<\/div>\n\t\t\t\t\t<\/div>\n\t\t\t\t<\/div>\n\t\t\t\t<\/div>\n\t\t\t\t\t<\/details>\n\t\t\t\t\t<\/div>\n\t\t\t\t\t\t<\/div>\n\t\t\t\t<\/div>\n\t\t\t\t<div class=\"elementor-element elementor-element-0aceaac elementor-widget elementor-widget-heading\" data-id=\"0aceaac\" data-element_type=\"widget\" data-e-type=\"widget\" data-widget_type=\"heading.default\">\n\t\t\t\t<div class=\"elementor-widget-container\">\n\t\t\t\t\t<h2 class=\"elementor-heading-title elementor-size-default\">47 z\u0142  netto  <span class=\"crosed\">297 z\u0142<\/span><\/h2>\t\t\t\t<\/div>\n\t\t\t\t<\/div>\n\t\t\t\t<div class=\"elementor-element elementor-element-d9e0205 elementor-countdown--label-inline elementor-widget__width-auto elementor-widget elementor-widget-countdown\" data-id=\"d9e0205\" data-element_type=\"widget\" data-e-type=\"widget\" data-widget_type=\"countdown.default\">\n\t\t\t\t<div class=\"elementor-widget-container\">\n\t\t\t\t\t\t\t<div data-evergreen-interval=\"600\" data-expire-actions=\"[{&quot;type&quot;:&quot;redirect&quot;,&quot;redirect_url&quot;:&quot;https:\\\/\\\/grupaspotkanie.pl\\\/en&quot;}]\" class=\"elementor-countdown-wrapper\" data-date=\"\">\n\t\t\t<div class=\"elementor-countdown-item\"><span class=\"elementor-countdown-digits elementor-countdown-minutes\"><\/span> <span class=\"elementor-countdown-label\">minut<\/span><\/div><div class=\"elementor-countdown-item\"><span class=\"elementor-countdown-digits elementor-countdown-seconds\"><\/span> <span class=\"elementor-countdown-label\">sekund<\/span><\/div>\t\t<\/div>\n\t\t\t\t\t\t<\/div>\n\t\t\t\t<\/div>\n\t\t\t\t<div class=\"elementor-element elementor-element-8db28af elementor-widget elementor-widget-button\" data-id=\"8db28af\" data-element_type=\"widget\" data-e-type=\"widget\" data-widget_type=\"button.default\">\n\t\t\t\t<div class=\"elementor-widget-container\">\n\t\t\t\t\t\t\t\t\t<div class=\"elementor-button-wrapper\">\n\t\t\t\t\t<a class=\"elementor-button elementor-button-link elementor-size-sm\" href=\"\/koszyk\/?add-to-cart=15389&#038;quantity=1&#038;coupon_code=OneTimeOffer\">\n\t\t\t\t\t\t<span class=\"elementor-button-content-wrapper\">\n\t\t\t\t\t\t\t\t\t<span class=\"elementor-button-text\">Kup teraz<\/span>\n\t\t\t\t\t<\/span>\n\t\t\t\t\t<\/a>\n\t\t\t\t<\/div>\n\t\t\t\t\t\t\t\t<\/div>\n\t\t\t\t<\/div>\n\t\t\t\t<div class=\"elementor-element elementor-element-fa0301a elementor-widget__width-inherit elementor-widget elementor-widget-heading\" data-id=\"fa0301a\" data-element_type=\"widget\" data-e-type=\"widget\" data-widget_type=\"heading.default\">\n\t\t\t\t<div class=\"elementor-widget-container\">\n\t\t\t\t\t<span class=\"elementor-heading-title elementor-size-default\">Ta limitowana oferta dost\u0119pna jest <b>tylko teraz i tylko dla uczestnik\u00f3w webinaru przez nast\u0119pne 10 minut.<\/b> Po tym czasie produkt powr\u00f3ci do swojej standardowej ceny 297 z\u0142.<\/span>\t\t\t\t<\/div>\n\t\t\t\t<\/div>\n\t\t\t\t\t<\/div>\n\t\t<\/div>\n\t\t\t\t\t<\/div>\n\t\t<\/section>\n\t\t\t\t<\/div>\n\t\t","protected":false},"excerpt":{"rendered":"<p>Dzi\u0119kuj\u0119 Ci i&nbsp;gratuluj\u0119! Wszystko przebieg\u0142o pomy\u015blnie. Koniecznie sprawd\u017a skrzynk\u0119 mailow\u0105. Sprawd\u017a jednorazow\u0105 okazj\u0119! Podziel si\u0119 na facebooku https:\/\/grupaspotkanie.pl\/wp-content\/uploads\/2025\/10\/OTO_korytarz_napisy.mp4 LIMITOWANA OFERTA: Przemy\u015blane KPI dla Twojej Firmy Zyskaj 80% lepsz\u0105 wydajno\u015b\u0107 zespo\u0142u w 30 dni dzi\u0119ki KPI, kt\u00f3re naprawd\u0119 motywuj\u0105 ludzi Czy wiesz, \u017ce 73% firm stosuje KPI, kt\u00f3re faktycznie demotywuj\u0105 pracownik\u00f3w i prowadz\u0105 do &#8220;grania pod [&hellip;]<\/p>\n","protected":false},"author":8,"featured_media":0,"parent":9236,"menu_order":0,"comment_status":"closed","ping_status":"closed","template":"","meta":{"_acf_changed":false,"inline_featured_image":false,"site-sidebar-layout":"no-sidebar","site-content-layout":"page-builder","ast-site-content-layout":"full-width-container","site-content-style":"default","site-sidebar-style":"default","ast-global-header-display":"","ast-banner-title-visibility":"","ast-main-header-display":"","ast-hfb-above-header-display":"","ast-hfb-below-header-display":"","ast-hfb-mobile-header-display":"","site-post-title":"disabled","ast-breadcrumbs-content":"","ast-featured-img":"disabled","footer-sml-layout":"","ast-disable-related-posts":"","theme-transparent-header-meta":"","adv-header-id-meta":"","stick-header-meta":"","header-above-stick-meta":"","header-main-stick-meta":"","header-below-stick-meta":"","astra-migrate-meta-layouts":"set","ast-page-background-enabled":"default","ast-page-background-meta":{"desktop":{"background-color":"","background-image":"","background-repeat":"repeat","background-position":"center center","background-size":"auto","background-attachment":"scroll","background-type":"","background-media":"","overlay-type":"","overlay-color":"","overlay-opacity":"","overlay-gradient":""},"tablet":{"background-color":"","background-image":"","background-repeat":"repeat","background-position":"center center","background-size":"auto","background-attachment":"scroll","background-type":"","background-media":"","overlay-type":"","overlay-color":"","overlay-opacity":"","overlay-gradient":""},"mobile":{"background-color":"","background-image":"","background-repeat":"repeat","background-position":"center center","background-size":"auto","background-attachment":"scroll","background-type":"","background-media":"","overlay-type":"","overlay-color":"","overlay-opacity":"","overlay-gradient":""}},"ast-content-background-meta":{"desktop":{"background-color":"var(--ast-global-color-5)","background-image":"","background-repeat":"repeat","background-position":"center center","background-size":"auto","background-attachment":"scroll","background-type":"","background-media":"","overlay-type":"","overlay-color":"","overlay-opacity":"","overlay-gradient":""},"tablet":{"background-color":"var(--ast-global-color-5)","background-image":"","background-repeat":"repeat","background-position":"center center","background-size":"auto","background-attachment":"scroll","background-type":"","background-media":"","overlay-type":"","overlay-color":"","overlay-opacity":"","overlay-gradient":""},"mobile":{"background-color":"var(--ast-global-color-5)","background-image":"","background-repeat":"repeat","background-position":"center center","background-size":"auto","background-attachment":"scroll","background-type":"","background-media":"","overlay-type":"","overlay-color":"","overlay-opacity":"","overlay-gradient":""}},"footnotes":""},"class_list":["post-9413","page","type-page","status-publish","hentry"],"acf":[],"_links":{"self":[{"href":"https:\/\/grupaspotkanie.pl\/en\/wp-json\/wp\/v2\/pages\/9413","targetHints":{"allow":["GET"]}}],"collection":[{"href":"https:\/\/grupaspotkanie.pl\/en\/wp-json\/wp\/v2\/pages"}],"about":[{"href":"https:\/\/grupaspotkanie.pl\/en\/wp-json\/wp\/v2\/types\/page"}],"author":[{"embeddable":true,"href":"https:\/\/grupaspotkanie.pl\/en\/wp-json\/wp\/v2\/users\/8"}],"replies":[{"embeddable":true,"href":"https:\/\/grupaspotkanie.pl\/en\/wp-json\/wp\/v2\/comments?post=9413"}],"version-history":[{"count":55,"href":"https:\/\/grupaspotkanie.pl\/en\/wp-json\/wp\/v2\/pages\/9413\/revisions"}],"predecessor-version":[{"id":15480,"href":"https:\/\/grupaspotkanie.pl\/en\/wp-json\/wp\/v2\/pages\/9413\/revisions\/15480"}],"up":[{"embeddable":true,"href":"https:\/\/grupaspotkanie.pl\/en\/wp-json\/wp\/v2\/pages\/9236"}],"wp:attachment":[{"href":"https:\/\/grupaspotkanie.pl\/en\/wp-json\/wp\/v2\/media?parent=9413"}],"curies":[{"name":"wp","href":"https:\/\/api.w.org\/{rel}","templated":true}]}}