{"id":10410,"date":"2024-05-17T12:30:35","date_gmt":"2024-05-17T10:30:35","guid":{"rendered":"https:\/\/grupaspotkanie.pl\/?post_type=product&#038;p=10410"},"modified":"2025-05-06T11:16:59","modified_gmt":"2025-05-06T09:16:59","slug":"white-mug","status":"publish","type":"product","link":"https:\/\/grupaspotkanie.pl\/en\/produkt\/kubek-bialy\/","title":{"rendered":"Meeting\" mug with quote"},"content":{"rendered":"<div class=\"flex flex-grow flex-col max-w-full\">\n<div class=\"min-h-[20px] text-message flex flex-col items-start whitespace-pre-wrap break-words [.text-message+&amp;]:mt-5 juice:w-full juice:items-end overflow-x-auto gap-2\" dir=\"auto\" data-message-author-role=\"assistant\" data-message-id=\"66b5a090-35a6-4342-9648-0f8cfc123d74\">\n<div class=\"flex w-full flex-col gap-1 juice:empty:hidden juice:first:pt-[3px]\">\n<div class=\"markdown prose w-full break-words dark:prose-invert light\">\n<p>Tak, Wam si\u0119 podobaj\u0105 nasze kubki, \u017ce wielokrotnie o nie pytali\u015bcie, czy s\u0105 dost\u0119pne w sprzeda\u017cy. Obok takich pyta\u0144 nie przechodzimy oboj\u0119tnie \ud83d\ude42 Je\u015bli masz ochot\u0119 napi\u0107 si\u0119 aromatycznej kawy lub dobrej herbaty w towarzystwie naszego kubka, masz ju\u017c na to szans\u0119 \ud83d\ude42<\/p>\n<p>Pojemno\u015b\u0107 kubka zmierzona osobi\u015bcie: 380 ml<\/p>\n<\/div>\n<\/div>\n<\/div>\n<\/div>\n<p>Kolor: czarny mat, \u015brodek \u015bliski bia\u0142y<\/p>\n<p>&nbsp;<\/p>\n","protected":false},"excerpt":{"rendered":"<p>Tak, Wam si\u0119 podobaj\u0105 nasze kubki, \u017ce wielokrotnie o nie pytali\u015bcie, czy s\u0105 dost\u0119pne w sprzeda\u017cy. Obok takich pyta\u0144 nie przechodzimy oboj\u0119tnie \ud83d\ude42 Je\u015bli masz ochot\u0119 napi\u0107 si\u0119 aromatycznej kawy lub dobrej herbaty w towarzystwie naszego kubka, masz ju\u017c na to szans\u0119 \ud83d\ude42 Pojemno\u015b\u0107 kubka zmierzona osobi\u015bcie: 380 ml Kolor: czarny mat, \u015brodek \u015bliski bia\u0142y [&hellip;]<\/p>\n","protected":false},"featured_media":10411,"comment_status":"open","ping_status":"closed","template":"","meta":{"_acf_changed":false,"inline_featured_image":false,"site-sidebar-layout":"default","site-content-layout":"default","ast-site-content-layout":"default","site-content-style":"default","site-sidebar-style":"default","ast-global-header-display":"","ast-banner-title-visibility":"","ast-main-header-display":"","ast-hfb-above-header-display":"","ast-hfb-below-header-display":"","ast-hfb-mobile-header-display":"","site-post-title":"","ast-breadcrumbs-content":"","ast-featured-img":"","footer-sml-layout":"","ast-disable-related-posts":"","theme-transparent-header-meta":"default","adv-header-id-meta":"","stick-header-meta":"default","header-above-stick-meta":"","header-main-stick-meta":"","header-below-stick-meta":"","astra-migrate-meta-layouts":"set","ast-page-background-enabled":"default","ast-page-background-meta":{"desktop":{"background-color":"","background-image":"","background-repeat":"repeat","background-position":"center center","background-size":"auto","background-attachment":"scroll","background-type":"","background-media":"","overlay-type":"","overlay-color":"","overlay-opacity":"","overlay-gradient":""},"tablet":{"background-color":"","background-image":"","background-repeat":"repeat","background-position":"center center","background-size":"auto","background-attachment":"scroll","background-type":"","background-media":"","overlay-type":"","overlay-color":"","overlay-opacity":"","overlay-gradient":""},"mobile":{"background-color":"","background-image":"","background-repeat":"repeat","background-position":"center center","background-size":"auto","background-attachment":"scroll","background-type":"","background-media":"","overlay-type":"","overlay-color":"","overlay-opacity":"","overlay-gradient":""}},"ast-content-background-meta":{"desktop":{"background-color":"var(--ast-global-color-5)","background-image":"","background-repeat":"repeat","background-position":"center center","background-size":"auto","background-attachment":"scroll","background-type":"","background-media":"","overlay-type":"","overlay-color":"","overlay-opacity":"","overlay-gradient":""},"tablet":{"background-color":"var(--ast-global-color-5)","background-image":"","background-repeat":"repeat","background-position":"center center","background-size":"auto","background-attachment":"scroll","background-type":"","background-media":"","overlay-type":"","overlay-color":"","overlay-opacity":"","overlay-gradient":""},"mobile":{"background-color":"var(--ast-global-color-5)","background-image":"","background-repeat":"repeat","background-position":"center center","background-size":"auto","background-attachment":"scroll","background-type":"","background-media":"","overlay-type":"","overlay-color":"","overlay-opacity":"","overlay-gradient":""}}},"product_brand":[],"product_cat":[47],"product_tag":[],"class_list":{"0":"post-10410","1":"product","2":"type-product","3":"status-publish","4":"has-post-thumbnail","6":"product_cat-ksiazkiipublikacje","7":"desktop-align-left","8":"tablet-align-left","9":"mobile-align-left","10":"ast-product-gallery-layout-horizontal-slider","11":"ast-product-gallery-with-no-image","12":"ast-product-tabs-layout-horizontal","14":"first","15":"outofstock","16":"taxable","17":"shipping-taxable","18":"purchasable","19":"product-type-simple"},"acf":[],"_links":{"self":[{"href":"https:\/\/grupaspotkanie.pl\/en\/wp-json\/wp\/v2\/product\/10410","targetHints":{"allow":["GET"]}}],"collection":[{"href":"https:\/\/grupaspotkanie.pl\/en\/wp-json\/wp\/v2\/product"}],"about":[{"href":"https:\/\/grupaspotkanie.pl\/en\/wp-json\/wp\/v2\/types\/product"}],"replies":[{"embeddable":true,"href":"https:\/\/grupaspotkanie.pl\/en\/wp-json\/wp\/v2\/comments?post=10410"}],"wp:featuredmedia":[{"embeddable":true,"href":"https:\/\/grupaspotkanie.pl\/en\/wp-json\/wp\/v2\/media\/10411"}],"wp:attachment":[{"href":"https:\/\/grupaspotkanie.pl\/en\/wp-json\/wp\/v2\/media?parent=10410"}],"wp:term":[{"taxonomy":"product_brand","embeddable":true,"href":"https:\/\/grupaspotkanie.pl\/en\/wp-json\/wp\/v2\/product_brand?post=10410"},{"taxonomy":"product_cat","embeddable":true,"href":"https:\/\/grupaspotkanie.pl\/en\/wp-json\/wp\/v2\/product_cat?post=10410"},{"taxonomy":"product_tag","embeddable":true,"href":"https:\/\/grupaspotkanie.pl\/en\/wp-json\/wp\/v2\/product_tag?post=10410"}],"curies":[{"name":"wp","href":"https:\/\/api.w.org\/{rel}","templated":true}]}}