{"id":7592,"date":"2023-04-19T13:29:37","date_gmt":"2023-04-19T11:29:37","guid":{"rendered":"https:\/\/grupaspotkanie.pl\/?post_type=product&#038;p=7592"},"modified":"2026-01-30T08:27:32","modified_gmt":"2026-01-30T07:27:32","slug":"book-good-morning-and-whats-next","status":"publish","type":"product","link":"https:\/\/grupaspotkanie.pl\/en\/produkt\/ksiazka-dzien-dobry-i-co-dalej\/","title":{"rendered":"The book \"Good morning and what's next\""},"content":{"rendered":"<p><strong>'Good Morning and What's Next' is the last book Berne wrote. It brings together his entire body of work in the area of thinking about cz\u0142he human being, his autonomy and script. It is not light reading; it can seem unclear in places. It is difficult to combine the content it contains with that of other books on AT. We recommend it to people who already have an understanding of the basic concepts of AT.<\/strong><\/p>\n<div class=\"highlight book-descriptionshort\"><strong>How to change your life script to be happy<\/strong><\/div>\n<div class=\"book-description\">\n<p>The ability to communicate with other people shapes our lives. In turn, each of us lives according to a script that we create in early childhood. The script can be sad, or it can be successful; it determines how we relate to friends, who we marry and even what bed we end up in.Berne demonstrates in this book how such a script is created, how it is put into practice and - most importantly - how each of us can change it to end happily....<\/p>\n<\/div>\n<div class=\"author-biogram\"><strong>Eric Berne<\/strong>\u00a0was an American psychiatrist. He gained widespread recognition as the founder of transactional analysis, but only after the publication of his book <em>What do people play?<\/em> His methods became popular all over the world. He ran a clinical practice and scientific seminars and was active in psychiatric societies. Two of his books have been published in Poland: <em>Good morning... and what's next?<\/em> i\u00a0<em>Sex and love<\/em>.<\/div>\n<p>&nbsp;<\/p>\n<ul>\n<li>Title: Good morning and what comes next<\/li>\n<li>Authors: Eric Berne, translation: Maciej Karpi\u0144ski<\/li>\n<li><span class=\"color-dark\">Publisher:<\/span> Dom Wydawniczy Rebis<\/li>\n<li>Binding: Soft<\/li>\n<li>Issue year: 2018<\/li>\n<li>Number of pages: 520<\/li>\n<li>Size: 150\u00d7225 mm<\/li>\n<li>ISBN: 978-83-8062-395-8<\/li>\n<\/ul>","protected":false},"excerpt":{"rendered":"<p>\u201eDzie\u0144 dobry i co dalej\u201d to ostatnia ksi\u0105\u017cka jaka napisa\u0142 Berne. \u0141\u0105czy ca\u0142y jego dorobek w obszarze my\u015blenia o cz\u0142owieku, jego autonomii i skrypcie. Nie jest to lektura lekka, miejscami mo\u017ce wydawa\u0107 si\u0119 niejasna. Trudno po\u0142\u0105czy\u0107 tre\u015bci w niej zawarte z tre\u015bciami innych ksi\u0105\u017cek dotycz\u0105cych AT. Polecamy j\u0105 osobom, kt\u00f3re maj\u0105 ju\u017c rozeznanie w podstawowych [&hellip;]<\/p>\n","protected":false},"featured_media":7593,"comment_status":"open","ping_status":"closed","template":"","meta":{"_acf_changed":false,"inline_featured_image":false,"site-sidebar-layout":"default","site-content-layout":"default","ast-site-content-layout":"default","site-content-style":"default","site-sidebar-style":"default","ast-global-header-display":"","ast-banner-title-visibility":"","ast-main-header-display":"","ast-hfb-above-header-display":"","ast-hfb-below-header-display":"","ast-hfb-mobile-header-display":"","site-post-title":"","ast-breadcrumbs-content":"","ast-featured-img":"","footer-sml-layout":"","ast-disable-related-posts":"","theme-transparent-header-meta":"default","adv-header-id-meta":"","stick-header-meta":"default","header-above-stick-meta":"","header-main-stick-meta":"","header-below-stick-meta":"","astra-migrate-meta-layouts":"set","ast-page-background-enabled":"default","ast-page-background-meta":{"desktop":{"background-color":"","background-image":"","background-repeat":"repeat","background-position":"center center","background-size":"auto","background-attachment":"scroll","background-type":"","background-media":"","overlay-type":"","overlay-color":"","overlay-opacity":"","overlay-gradient":""},"tablet":{"background-color":"","background-image":"","background-repeat":"repeat","background-position":"center center","background-size":"auto","background-attachment":"scroll","background-type":"","background-media":"","overlay-type":"","overlay-color":"","overlay-opacity":"","overlay-gradient":""},"mobile":{"background-color":"","background-image":"","background-repeat":"repeat","background-position":"center center","background-size":"auto","background-attachment":"scroll","background-type":"","background-media":"","overlay-type":"","overlay-color":"","overlay-opacity":"","overlay-gradient":""}},"ast-content-background-meta":{"desktop":{"background-color":"var(--ast-global-color-5)","background-image":"","background-repeat":"repeat","background-position":"center center","background-size":"auto","background-attachment":"scroll","background-type":"","background-media":"","overlay-type":"","overlay-color":"","overlay-opacity":"","overlay-gradient":""},"tablet":{"background-color":"var(--ast-global-color-5)","background-image":"","background-repeat":"repeat","background-position":"center center","background-size":"auto","background-attachment":"scroll","background-type":"","background-media":"","overlay-type":"","overlay-color":"","overlay-opacity":"","overlay-gradient":""},"mobile":{"background-color":"var(--ast-global-color-5)","background-image":"","background-repeat":"repeat","background-position":"center center","background-size":"auto","background-attachment":"scroll","background-type":"","background-media":"","overlay-type":"","overlay-color":"","overlay-opacity":"","overlay-gradient":""}}},"product_brand":[],"product_cat":[47],"product_tag":[],"class_list":{"0":"post-7592","1":"product","2":"type-product","3":"status-publish","4":"has-post-thumbnail","6":"product_cat-ksiazkiipublikacje","7":"desktop-align-left","8":"tablet-align-left","9":"mobile-align-left","10":"ast-product-gallery-layout-horizontal-slider","11":"ast-product-gallery-with-no-image","12":"ast-product-tabs-layout-horizontal","14":"first","15":"instock","16":"taxable","17":"shipping-taxable","18":"purchasable","19":"product-type-simple"},"acf":[],"_links":{"self":[{"href":"https:\/\/grupaspotkanie.pl\/en\/wp-json\/wp\/v2\/product\/7592","targetHints":{"allow":["GET"]}}],"collection":[{"href":"https:\/\/grupaspotkanie.pl\/en\/wp-json\/wp\/v2\/product"}],"about":[{"href":"https:\/\/grupaspotkanie.pl\/en\/wp-json\/wp\/v2\/types\/product"}],"replies":[{"embeddable":true,"href":"https:\/\/grupaspotkanie.pl\/en\/wp-json\/wp\/v2\/comments?post=7592"}],"wp:featuredmedia":[{"embeddable":true,"href":"https:\/\/grupaspotkanie.pl\/en\/wp-json\/wp\/v2\/media\/7593"}],"wp:attachment":[{"href":"https:\/\/grupaspotkanie.pl\/en\/wp-json\/wp\/v2\/media?parent=7592"}],"wp:term":[{"taxonomy":"product_brand","embeddable":true,"href":"https:\/\/grupaspotkanie.pl\/en\/wp-json\/wp\/v2\/product_brand?post=7592"},{"taxonomy":"product_cat","embeddable":true,"href":"https:\/\/grupaspotkanie.pl\/en\/wp-json\/wp\/v2\/product_cat?post=7592"},{"taxonomy":"product_tag","embeddable":true,"href":"https:\/\/grupaspotkanie.pl\/en\/wp-json\/wp\/v2\/product_tag?post=7592"}],"curies":[{"name":"wp","href":"https:\/\/api.w.org\/{rel}","templated":true}]}}